{"id":285,"date":"2021-09-18T09:54:08","date_gmt":"2021-09-18T09:54:08","guid":{"rendered":"https:\/\/test.body-in-balance-viernheim.de\/?page_id=285"},"modified":"2026-03-19T12:11:53","modified_gmt":"2026-03-19T12:11:53","slug":"about-4","status":"publish","type":"page","link":"https:\/\/body-in-balance-viernheim.de\/?page_id=285","title":{"rendered":"\u00dcber Ute"},"content":{"rendered":"\t\t<div data-elementor-type=\"wp-page\" data-elementor-id=\"285\" class=\"elementor elementor-285\" data-elementor-post-type=\"page\">\n\t\t\t\t\t\t<section class=\"elementor-section elementor-top-section elementor-element elementor-element-0f9ca54 elementor-section-boxed elementor-section-height-default elementor-section-height-default\" data-id=\"0f9ca54\" data-element_type=\"section\" data-e-type=\"section\">\n\t\t\t\t\t\t<div class=\"elementor-container elementor-column-gap-default\">\n\t\t\t\t\t<div class=\"elementor-column elementor-col-100 elementor-top-column elementor-element elementor-element-9cf75ea\" data-id=\"9cf75ea\" data-element_type=\"column\" data-e-type=\"column\">\n\t\t\t<div class=\"elementor-widget-wrap elementor-element-populated\">\n\t\t\t\t\t\t<section class=\"elementor-section elementor-inner-section elementor-element elementor-element-be8fc44 elementor-section-boxed elementor-section-height-default elementor-section-height-default\" data-id=\"be8fc44\" data-element_type=\"section\" data-e-type=\"section\">\n\t\t\t\t\t\t<div class=\"elementor-container elementor-column-gap-default\">\n\t\t\t\t\t<div class=\"elementor-column elementor-col-50 elementor-inner-column elementor-element elementor-element-cd4338e\" data-id=\"cd4338e\" data-element_type=\"column\" data-e-type=\"column\">\n\t\t\t<div class=\"elementor-widget-wrap elementor-element-populated\">\n\t\t\t\t\t\t<div class=\"elementor-element elementor-element-206808a elementor-widget elementor-widget-heading\" data-id=\"206808a\" data-element_type=\"widget\" data-e-type=\"widget\" data-widget_type=\"heading.default\">\n\t\t\t\t<div class=\"elementor-widget-container\">\n\t\t\t\t\t<h2 class=\"elementor-heading-title elementor-size-default\">Ute Sawatzki<\/h2>\t\t\t\t<\/div>\n\t\t\t\t<\/div>\n\t\t\t\t<div class=\"elementor-element elementor-element-3abc71a elementor-widget elementor-widget-heading\" data-id=\"3abc71a\" data-element_type=\"widget\" data-e-type=\"widget\" data-widget_type=\"heading.default\">\n\t\t\t\t<div class=\"elementor-widget-container\">\n\t\t\t\t\t<h2 class=\"elementor-heading-title elementor-size-default\">Inhaberin<\/h2>\t\t\t\t<\/div>\n\t\t\t\t<\/div>\n\t\t\t\t<div class=\"elementor-element elementor-element-f92e9bc elementor-widget elementor-widget-text-editor\" data-id=\"f92e9bc\" data-element_type=\"widget\" data-e-type=\"widget\" data-widget_type=\"text-editor.default\">\n\t\t\t\t<div class=\"elementor-widget-container\">\n\t\t\t\t\t\t\t\t\t<p>Mein Name ist Ute Sawatzki. Ich bin stolze Mutter von zwei wundervollen und mittlerweile erwachsenen T\u00f6chtern. Seit August 2009 lebe ich meine Berufung der ganzheitlichen \u201eArbeit\u201c mit Menschen, von Herz zu Herz hier in meinem Studio -Body in Balance- .<\/p><p>Yoga hat meine Lebensausrichtung ver\u00e4ndert, durch meinen Weg des ganzheitlichen Yoga, den ich nicht nur unterrichte, sondern auch lebe. Meinen Unterricht leite ich traumasensibel und achtsam an und wird begleitet von Affirmationen (positive Glaubenss\u00e4tze &#8211; besonders im \u201ementalen Yin Yoga\u201c) und durch unterst\u00fctzende &#8222;F\u00fchl-Anst\u00f6\u00dfe&#8220;. Ich biete sowohl Gruppen- als auch Einzelstunden an und unterst\u00fctze dich ganzheitlich in Cranio-Sacraler-K\u00f6rper-Arbeit.<\/p><p>Mein pers\u00f6nlicher Weg liegt in der steten Weiterentwicklung, somit sind Aus- und Fortbildungen f\u00fcr mich so wichtig wie Essen und Trinken.<\/p><p>Besonders stimmig war ein weiterer Schritt, die &#8222;Interdisziplin\u00e4re Psychotherapeutische Coaching Ausbildung&#8220; bei Verena K\u00f6nig, hier erhielt ich das &#8222;Werkzeug&#8220; Traumasensibel zu coachen. Somit bin ich meiner Vision, Menschen zu helfen, wieder einen gro\u00dfen Schritt weitergekommen.<\/p><p>Seit Anfang Oktober 2021 unterst\u00fctze ich Verena als Fach-Assistentin bei den laufenden Ausbildungen \u201eNeurosystemische Integration\u201c, hier begleite ich die Teilnehmer*Innen co-regulierend w\u00e4hrend der Livesessions.<\/p><p>Unser K\u00f6rper ist das Spiegelbild unserer Seele. Deshalb war die Weiterbildung in Craniosacrale Therapie und K\u00f6rperpsychotherapie, der n\u00e4chste \u201eBaustein\u201c auf meinem Weg, so dass ich ganzheitlich integriert traumasensible Behandlungen und Coachings anbiete.<\/p>\t\t\t\t\t\t\t\t<\/div>\n\t\t\t\t<\/div>\n\t\t\t\t<div class=\"elementor-element elementor-element-9c79c3d elementor-widget elementor-widget-text-editor\" data-id=\"9c79c3d\" data-element_type=\"widget\" data-e-type=\"widget\" data-widget_type=\"text-editor.default\">\n\t\t\t\t<div class=\"elementor-widget-container\">\n\t\t\t\t\t\t\t\t\t<p class=\"rtejustify\">Meine wichtigsten Aus- und Fortbildungen und pers\u00f6nliche Weiterentwicklung<\/p><ul><li>Vinyasa Yoga Lehrer Ausbildung mit Diplom<\/li><li>Lizensierte Fach\u00fcbungsleiterin im Reha-Sport<\/li><li>Ausbildung Meditationslehrerin<\/li><li>Ausbildung \u00a0 &#8222;Yin Yoga&#8220; bei Stefanie Arend<\/li><li>Diplom &#8222;Vinyasa Yoga &#8211; Lehrer AYA 500 h&#8220;<\/li><li>Ausbildung bei Vilas Turske &#8222;Pranayama&#8220;<\/li><li>Ausbildung in &#8222;Nadi-Muskel-Therapie&#8220; bei Remo Rittiner<\/li><li>Ausbildung in &#8222;Thai-Yoga&#8220; &#8222;Bodyworker&#8220; bei Tobias Frank<\/li><\/ul><ul><li>\u201eInterdisziplin\u00e4re psychotherapeutische Coaching Ausbildung &#8211; Kreative Transformation\u201c bei Verena K\u00f6nig<\/li><li>&#8222;Achtsame Ber\u00fchrung &#8211; Trauma und Heilung &#8211; Regulation f\u00fcr gesunde Beziehungen&#8220; bei Holistic Bodywork<\/li><li>Seit Oktober 2021 Assistentin bei Verena K\u00f6nig als fachliche Beraterin bei der laufenden Ausbildung \u201eNeurosystemische Integration\u201c<\/li><li>Ausbildung\u00a0 &#8222;Cranio-Sacrale-Therapie&#8220; als Cranio-Sacral-Praktikerin bei der Cranio Schule Katharina B\u00e4hner Stuttgart<\/li><li>Kompaktkurs &#8211; Trauma und Folgest\u00f6rungen &#8211; an der Fernakademie f\u00fcr P\u00e4dagogik und Sozialberufe &#8211; mit Zertifikat<\/li><li>Angst, Wut und Trauma in K\u00f6rperarbeit &amp; Therapie, Coaching &amp; Yoga \u2013 bei \u201eHolistic Bodywork\u201c<\/li><li>Ausbildung &#8222;Kinder in Cranio-Sacraler-Therapie&#8220;<\/li><li>Fortbildung &#8222;EFT&#8220; Klopftechnik (Tapping)<\/li><\/ul>\t\t\t\t\t\t\t\t<\/div>\n\t\t\t\t<\/div>\n\t\t\t\t\t<\/div>\n\t\t<\/div>\n\t\t\t\t<div class=\"elementor-column elementor-col-50 elementor-inner-column elementor-element elementor-element-269ca7c\" data-id=\"269ca7c\" data-element_type=\"column\" data-e-type=\"column\">\n\t\t\t<div class=\"elementor-widget-wrap elementor-element-populated\">\n\t\t\t\t\t\t<div class=\"elementor-element elementor-element-1e2f738 elementor-widget elementor-widget-image\" data-id=\"1e2f738\" data-element_type=\"widget\" data-e-type=\"widget\" data-widget_type=\"image.default\">\n\t\t\t\t<div class=\"elementor-widget-container\">\n\t\t\t\t\t\t\t\t\t\t\t\t\t\t\t<img fetchpriority=\"high\" decoding=\"async\" width=\"750\" height=\"1247\" src=\"https:\/\/body-in-balance-viernheim.de\/wp-content\/uploads\/2021\/10\/IMG_0803-3-768x1277.jpg\" class=\"attachment-medium_large size-medium_large wp-image-1335\" alt=\"\" srcset=\"https:\/\/body-in-balance-viernheim.de\/wp-content\/uploads\/2021\/10\/IMG_0803-3-768x1277.jpg 768w, https:\/\/body-in-balance-viernheim.de\/wp-content\/uploads\/2021\/10\/IMG_0803-3-180x300.jpg 180w, https:\/\/body-in-balance-viernheim.de\/wp-content\/uploads\/2021\/10\/IMG_0803-3-616x1024.jpg 616w, https:\/\/body-in-balance-viernheim.de\/wp-content\/uploads\/2021\/10\/IMG_0803-3-924x1536.jpg 924w, https:\/\/body-in-balance-viernheim.de\/wp-content\/uploads\/2021\/10\/IMG_0803-3-1232x2048.jpg 1232w, https:\/\/body-in-balance-viernheim.de\/wp-content\/uploads\/2021\/10\/IMG_0803-3-1568x2607.jpg 1568w, https:\/\/body-in-balance-viernheim.de\/wp-content\/uploads\/2021\/10\/IMG_0803-3-scaled.jpg 1540w\" sizes=\"(max-width: 750px) 100vw, 750px\" style=\"width:100%;height:166.23%;max-width:1540px\" \/>\t\t\t\t\t\t\t\t\t\t\t\t\t\t\t<\/div>\n\t\t\t\t<\/div>\n\t\t\t\t\t<\/div>\n\t\t<\/div>\n\t\t\t\t\t<\/div>\n\t\t<\/section>\n\t\t\t\t\t<\/div>\n\t\t<\/div>\n\t\t\t\t\t<\/div>\n\t\t<\/section>\n\t\t\t\t<section class=\"elementor-section elementor-top-section elementor-element elementor-element-ab293b0 elementor-section-boxed elementor-section-height-default elementor-section-height-default\" data-id=\"ab293b0\" data-element_type=\"section\" data-e-type=\"section\" data-settings=\"{&quot;background_background&quot;:&quot;classic&quot;}\">\n\t\t\t\t\t\t\t<div class=\"elementor-background-overlay\"><\/div>\n\t\t\t\t\t\t\t<div class=\"elementor-container elementor-column-gap-default\">\n\t\t\t\t\t<div class=\"elementor-column elementor-col-100 elementor-top-column elementor-element elementor-element-1c37956a\" data-id=\"1c37956a\" data-element_type=\"column\" data-e-type=\"column\">\n\t\t\t<div class=\"elementor-widget-wrap elementor-element-populated\">\n\t\t\t\t\t\t<div class=\"elementor-element elementor-element-754b5900 elementor-widget-divider--view-line elementor-widget elementor-widget-divider\" data-id=\"754b5900\" data-element_type=\"widget\" data-e-type=\"widget\" data-widget_type=\"divider.default\">\n\t\t\t\t<div class=\"elementor-widget-container\">\n\t\t\t\t\t\t\t<div class=\"elementor-divider\">\n\t\t\t<span class=\"elementor-divider-separator\">\n\t\t\t\t\t\t<\/span>\n\t\t<\/div>\n\t\t\t\t\t\t<\/div>\n\t\t\t\t<\/div>\n\t\t\t\t<div class=\"elementor-element elementor-element-ca089df elementor-blockquote--skin-border elementor-widget elementor-widget-blockquote\" data-id=\"ca089df\" data-element_type=\"widget\" data-e-type=\"widget\" data-widget_type=\"blockquote.default\">\n\t\t\t\t<div class=\"elementor-widget-container\">\n\t\t\t\t\t\t\t<blockquote class=\"elementor-blockquote\">\n\t\t\t<p class=\"elementor-blockquote__content\">\n\t\t\t\tIch liebe meinen Beruf und ich liebe Menschen. Und so h\u00f6re ich Dir zu und sehe Dich, voller Empathie und tiefer Wertsch\u00e4tzung. Ob im Yoga, in meinen Behandlungen oder im Coaching \u2013 der Moment z\u00e4hlt, Du z\u00e4hlst. In Verbundenheit mit Dir.\t\t\t<\/p>\n\t\t\t\t\t\t\t<div class=\"e-q-footer\">\n\t\t\t\t\t\t\t\t\t\t\t<cite class=\"elementor-blockquote__author\">Ute Sawatzki<\/cite>\n\t\t\t\t\t\t\t\t\t\t\t\t\t\t<\/div>\n\t\t\t\t\t<\/blockquote>\n\t\t\t\t\t\t<\/div>\n\t\t\t\t<\/div>\n\t\t\t\t\t<\/div>\n\t\t<\/div>\n\t\t\t\t\t<\/div>\n\t\t<\/section>\n\t\t\t\t<\/div>\n\t\t","protected":false},"excerpt":{"rendered":"<p>Ute Sawatzki Inhaberin Mein Name ist Ute Sawatzki. Ich bin stolze Mutter von zwei wundervollen und mittlerweile erwachsenen T\u00f6chtern. Seit August 2009 lebe ich meine Berufung der ganzheitlichen \u201eArbeit\u201c mit Menschen, von Herz zu Herz hier in meinem Studio -Body in Balance- . Yoga hat meine Lebensausrichtung ver\u00e4ndert, durch meinen Weg des ganzheitlichen Yoga, den&hellip; <a class=\"more-link\" href=\"https:\/\/body-in-balance-viernheim.de\/?page_id=285\"><span class=\"screen-reader-text\">\u00dcber Ute<\/span> weiterlesen<\/a><\/p>\n","protected":false},"author":1,"featured_media":0,"parent":0,"menu_order":0,"comment_status":"closed","ping_status":"closed","template":"","meta":{"footnotes":""},"class_list":["post-285","page","type-page","status-publish","hentry","entry"],"_links":{"self":[{"href":"https:\/\/body-in-balance-viernheim.de\/index.php?rest_route=\/wp\/v2\/pages\/285","targetHints":{"allow":["GET"]}}],"collection":[{"href":"https:\/\/body-in-balance-viernheim.de\/index.php?rest_route=\/wp\/v2\/pages"}],"about":[{"href":"https:\/\/body-in-balance-viernheim.de\/index.php?rest_route=\/wp\/v2\/types\/page"}],"author":[{"embeddable":true,"href":"https:\/\/body-in-balance-viernheim.de\/index.php?rest_route=\/wp\/v2\/users\/1"}],"replies":[{"embeddable":true,"href":"https:\/\/body-in-balance-viernheim.de\/index.php?rest_route=%2Fwp%2Fv2%2Fcomments&post=285"}],"version-history":[{"count":129,"href":"https:\/\/body-in-balance-viernheim.de\/index.php?rest_route=\/wp\/v2\/pages\/285\/revisions"}],"predecessor-version":[{"id":3683,"href":"https:\/\/body-in-balance-viernheim.de\/index.php?rest_route=\/wp\/v2\/pages\/285\/revisions\/3683"}],"wp:attachment":[{"href":"https:\/\/body-in-balance-viernheim.de\/index.php?rest_route=%2Fwp%2Fv2%2Fmedia&parent=285"}],"curies":[{"name":"wp","href":"https:\/\/api.w.org\/{rel}","templated":true}]}}