{"id":1065,"date":"2021-10-30T10:43:13","date_gmt":"2021-10-30T10:43:13","guid":{"rendered":"https:\/\/test.body-in-balance-viernheim.de\/?page_id=1065"},"modified":"2025-11-25T15:36:03","modified_gmt":"2025-11-25T15:36:03","slug":"elementor-1065","status":"publish","type":"page","link":"https:\/\/body-in-balance-viernheim.de\/?page_id=1065","title":{"rendered":"\u00dcber Michael"},"content":{"rendered":"\t\t<div data-elementor-type=\"wp-page\" data-elementor-id=\"1065\" class=\"elementor elementor-1065\" data-elementor-post-type=\"page\">\n\t\t\t\t\t\t<section class=\"elementor-section elementor-top-section elementor-element elementor-element-f014cbf elementor-section-boxed elementor-section-height-default elementor-section-height-default\" data-id=\"f014cbf\" data-element_type=\"section\" data-e-type=\"section\">\n\t\t\t\t\t\t<div class=\"elementor-container elementor-column-gap-default\">\n\t\t\t\t\t<div class=\"elementor-column elementor-col-100 elementor-top-column elementor-element elementor-element-32c802a\" data-id=\"32c802a\" data-element_type=\"column\" data-e-type=\"column\">\n\t\t\t<div class=\"elementor-widget-wrap elementor-element-populated\">\n\t\t\t\t\t\t<section class=\"elementor-section elementor-inner-section elementor-element elementor-element-c6ce100 elementor-section-boxed elementor-section-height-default elementor-section-height-default\" data-id=\"c6ce100\" data-element_type=\"section\" data-e-type=\"section\">\n\t\t\t\t\t\t<div class=\"elementor-container elementor-column-gap-default\">\n\t\t\t\t\t<div class=\"elementor-column elementor-col-50 elementor-inner-column elementor-element elementor-element-f77d900\" data-id=\"f77d900\" data-element_type=\"column\" data-e-type=\"column\">\n\t\t\t<div class=\"elementor-widget-wrap elementor-element-populated\">\n\t\t\t\t\t\t<div class=\"elementor-element elementor-element-4f1590f elementor-widget elementor-widget-heading\" data-id=\"4f1590f\" data-element_type=\"widget\" data-e-type=\"widget\" data-widget_type=\"heading.default\">\n\t\t\t\t<div class=\"elementor-widget-container\">\n\t\t\t\t\t<h2 class=\"elementor-heading-title elementor-size-default\">Michael Frank<\/h2>\t\t\t\t<\/div>\n\t\t\t\t<\/div>\n\t\t\t\t<div class=\"elementor-element elementor-element-1061a95 elementor-widget elementor-widget-heading\" data-id=\"1061a95\" data-element_type=\"widget\" data-e-type=\"widget\" data-widget_type=\"heading.default\">\n\t\t\t\t<div class=\"elementor-widget-container\">\n\t\t\t\t\t<h2 class=\"elementor-heading-title elementor-size-default\">Abteilungs-Leiter Rehasport <\/h2>\t\t\t\t<\/div>\n\t\t\t\t<\/div>\n\t\t\t\t<div class=\"elementor-element elementor-element-67a71a7 elementor-widget elementor-widget-text-editor\" data-id=\"67a71a7\" data-element_type=\"widget\" data-e-type=\"widget\" data-widget_type=\"text-editor.default\">\n\t\t\t\t<div class=\"elementor-widget-container\">\n\t\t\t\t\t\t\t\t\t<p class=\"rtejustify\">Mein Name ist Michael Frank. Ich bin lizensierter Trainer C-Fitness und Gesundheit f\u00fcr Erwachsene und seit Juni 2011 besitze ich auch eine Lizenz als Reha-Trainer.<\/p><p class=\"rtejustify\">In meinen Stunden m\u00f6chte ich Euch Spa\u00df am Sport vermitteln und damit die t\u00e4glichen Bewegungen im Alltag erleichtern. Mein Motto lautet: &#8222;<em>Nur wer Spa\u00df beim Sport hat, bleibt dem Sport treu.&#8220;<\/em><\/p><p>\u00a0<\/p><p>Seit Anfang 2023 leite ich die Abteilung Reha-Sport in Eigenregie!<\/p><p>\u00a0<\/p><p>Ich freue mich auf Euer Kommen!<\/p><p class=\"rtejustify\">Euer Michael<\/p>\t\t\t\t\t\t\t\t<\/div>\n\t\t\t\t<\/div>\n\t\t\t\t\t<\/div>\n\t\t<\/div>\n\t\t\t\t<div class=\"elementor-column elementor-col-50 elementor-inner-column elementor-element elementor-element-290f24b\" data-id=\"290f24b\" data-element_type=\"column\" data-e-type=\"column\">\n\t\t\t<div class=\"elementor-widget-wrap elementor-element-populated\">\n\t\t\t\t\t\t<div class=\"elementor-element elementor-element-8134f99 elementor-widget elementor-widget-image\" data-id=\"8134f99\" data-element_type=\"widget\" data-e-type=\"widget\" data-widget_type=\"image.default\">\n\t\t\t\t<div class=\"elementor-widget-container\">\n\t\t\t\t\t\t\t\t\t\t\t\t\t\t\t<img fetchpriority=\"high\" decoding=\"async\" width=\"566\" height=\"566\" src=\"https:\/\/body-in-balance-viernheim.de\/wp-content\/uploads\/2021\/10\/reha.png\" class=\"attachment-medium_large size-medium_large wp-image-415\" alt=\"\" srcset=\"https:\/\/body-in-balance-viernheim.de\/wp-content\/uploads\/2021\/10\/reha.png 566w, https:\/\/body-in-balance-viernheim.de\/wp-content\/uploads\/2021\/10\/reha-300x300.png 300w, https:\/\/body-in-balance-viernheim.de\/wp-content\/uploads\/2021\/10\/reha-150x150.png 150w\" sizes=\"(max-width: 566px) 100vw, 566px\" style=\"width:100%;height:100%;max-width:566px\" \/>\t\t\t\t\t\t\t\t\t\t\t\t\t\t\t<\/div>\n\t\t\t\t<\/div>\n\t\t\t\t\t<\/div>\n\t\t<\/div>\n\t\t\t\t\t<\/div>\n\t\t<\/section>\n\t\t\t\t\t<\/div>\n\t\t<\/div>\n\t\t\t\t\t<\/div>\n\t\t<\/section>\n\t\t\t\t<\/div>\n\t\t","protected":false},"excerpt":{"rendered":"<p>Michael Frank Abteilungs-Leiter Rehasport Mein Name ist Michael Frank. Ich bin lizensierter Trainer C-Fitness und Gesundheit f\u00fcr Erwachsene und seit Juni 2011 besitze ich auch eine Lizenz als Reha-Trainer. In meinen Stunden m\u00f6chte ich Euch Spa\u00df am Sport vermitteln und damit die t\u00e4glichen Bewegungen im Alltag erleichtern. Mein Motto lautet: &#8222;Nur wer Spa\u00df beim Sport&hellip; <a class=\"more-link\" href=\"https:\/\/body-in-balance-viernheim.de\/?page_id=1065\"><span class=\"screen-reader-text\">\u00dcber Michael<\/span> weiterlesen<\/a><\/p>\n","protected":false},"author":1,"featured_media":0,"parent":0,"menu_order":0,"comment_status":"closed","ping_status":"closed","template":"","meta":{"footnotes":""},"class_list":["post-1065","page","type-page","status-publish","hentry","entry"],"_links":{"self":[{"href":"https:\/\/body-in-balance-viernheim.de\/index.php?rest_route=\/wp\/v2\/pages\/1065","targetHints":{"allow":["GET"]}}],"collection":[{"href":"https:\/\/body-in-balance-viernheim.de\/index.php?rest_route=\/wp\/v2\/pages"}],"about":[{"href":"https:\/\/body-in-balance-viernheim.de\/index.php?rest_route=\/wp\/v2\/types\/page"}],"author":[{"embeddable":true,"href":"https:\/\/body-in-balance-viernheim.de\/index.php?rest_route=\/wp\/v2\/users\/1"}],"replies":[{"embeddable":true,"href":"https:\/\/body-in-balance-viernheim.de\/index.php?rest_route=%2Fwp%2Fv2%2Fcomments&post=1065"}],"version-history":[{"count":32,"href":"https:\/\/body-in-balance-viernheim.de\/index.php?rest_route=\/wp\/v2\/pages\/1065\/revisions"}],"predecessor-version":[{"id":3657,"href":"https:\/\/body-in-balance-viernheim.de\/index.php?rest_route=\/wp\/v2\/pages\/1065\/revisions\/3657"}],"wp:attachment":[{"href":"https:\/\/body-in-balance-viernheim.de\/index.php?rest_route=%2Fwp%2Fv2%2Fmedia&parent=1065"}],"curies":[{"name":"wp","href":"https:\/\/api.w.org\/{rel}","templated":true}]}}